{"id":4886,"date":"2025-03-31T11:37:07","date_gmt":"2025-03-31T09:37:07","guid":{"rendered":"https:\/\/www.molton-markt.de\/blog\/?page_id=4886"},"modified":"2025-11-03T11:11:10","modified_gmt":"2025-11-03T10:11:10","slug":"autor-guido-roling","status":"publish","type":"page","link":"https:\/\/www.molton-markt.de\/blog\/autor-guido-roling\/","title":{"rendered":"Guido Roling vom MoltonMarkt \u2013 KnowHow &#038; Leidenschaft f\u00fcr jede Herausforderung"},"content":{"rendered":"<p><a href=\"https:\/\/www.molton-markt.de\/blog\/wp-content\/uploads\/2025\/03\/autor-experte-geschaeftsfuehrer-guido-roling.jpg\"><img loading=\"lazy\" decoding=\"async\" class=\"alignleft\" title=\"Guido Roling \u2013 Autor und Experte Molton Markt\" src=\"https:\/\/www.molton-markt.de\/blog\/wp-content\/uploads\/2025\/03\/autor-experte-geschaeftsfuehrer-guido-roling-200x300.jpg\" alt=\"Guido Roling Gesch\u00e4ftsf\u00fchrer Autor und Experte Molton Markt\" width=\"150\" height=\"225\" \/><\/a><br \/>\nHallo, ich bin Guido Roling, <strong>Gesch\u00e4ftsf\u00fchrer<\/strong> des MoltonMarkt in Freren und seit <strong>\u00fcber 15 Jahren<\/strong> in der Welt von <strong>Moltonstoffen<\/strong> zuhause. Eines hat sich in all den Jahren nicht ge\u00e4ndert: Mein Anspruch, f\u00fcr jedes Kundenanliegen die <strong>optimale L\u00f6sung<\/strong> zu finden. Ob <strong>B\u00fchnenstoffe<\/strong> f\u00fcr <strong>Events, Molton<\/strong> f\u00fcr <strong>Studios, Gastronomie<\/strong> oder <strong>\u00f6ffentliche Einrichtungen<\/strong> \u2013 <strong>konfektioniert<\/strong> oder <strong>ma\u00dfgefertigt<\/strong>: Mein Team und ich liefern, was Sie brauchen. Herausforderungen? Nehmen wir an. Sonderw\u00fcnsche? Finden wir spannend. Unser Ziel ist, Ihr Projekt nach Ihren Vorstellungen zu realisieren.<\/p>\n<h2>Von der Technik zum Textil \u2013 meine Erfahrung im MoltonMarkt<\/h2>\n<p>Meine berufliche Laufbahn begann mit einer <strong>Ausbildung zum Maschinenbauer<\/strong>, die ich mit dem Meisterbrief abrunden konnte. Danach folgte eine <strong>Zusatzqualifikation als Fachkaufmann f\u00fcr Handwerkswirtschaft<\/strong> \u2013 ein Wissen, das mir heute hilft, den <strong>MoltonMarkt<\/strong> nicht nur technisch, sondern auch wirtschaftlich optimal zu f\u00fchren. W\u00e4hrend meiner Nebenjobs als LKW-Fahrer und sp\u00e4ter als Roadie f\u00fcr eine Top-40-Band wurde meine Begeisterung f\u00fcr die Welt der B\u00fchne entfacht. Die Veranstaltungsbranche hat mich fasziniert und ist heute einer der vielen Bereiche, die wir im MoltonMarkt voller Leidenschaft kreativ mitgestalten d\u00fcrfen.<\/p>\n<div class=\"video-block\">\n<div class=\"brlbs-cmpnt-container brlbs-cmpnt-content-blocker brlbs-cmpnt-with-individual-styles\" data-borlabs-cookie-content-blocker-id=\"default\" data-borlabs-cookie-content=\"PGlmcmFtZSB0aXRsZT0iWW91VHViZSB2aWRlbyBwbGF5ZXIiIHNyYz0iaHR0cHM6Ly93d3cueW91dHViZS1ub2Nvb2tpZS5jb20vZW1iZWQvQi11cElIMUczZUUiIHdpZHRoPSI1NjAiIGhlaWdodD0iMzE1IiBmcmFtZWJvcmRlcj0iMCIgYWxsb3dmdWxsc2NyZWVuPSJhbGxvd2Z1bGxzY3JlZW4iPjxzcGFuIGRhdGEtbWNlLXR5cGU9ImJvb2ttYXJrIiBzdHlsZT0iZGlzcGxheTogaW5saW5lLWJsb2NrOyB3aWR0aDogMHB4OyBvdmVyZmxvdzogaGlkZGVuOyBsaW5lLWhlaWdodDogMDsiIGNsYXNzPSJtY2VfU0VMUkVTX3N0YXJ0Ij4\/PC9zcGFuPjxzcGFuIHN0eWxlPSJkaXNwbGF5OiBpbmxpbmUtYmxvY2s7IHdpZHRoOiAwcHg7IG92ZXJmbG93OiBoaWRkZW47IGxpbmUtaGVpZ2h0OiAwOyIgZGF0YS1tY2UtdHlwZT0iYm9va21hcmsiIGNsYXNzPSJtY2VfU0VMUkVTX3N0YXJ0Ij4\/PC9zcGFuPjxzcGFuIHN0eWxlPSJkaXNwbGF5OiBpbmxpbmUtYmxvY2s7IHdpZHRoOiAwcHg7IG92ZXJmbG93OiBoaWRkZW47IGxpbmUtaGVpZ2h0OiAwOyIgZGF0YS1tY2UtdHlwZT0iYm9va21hcmsiIGNsYXNzPSJtY2VfU0VMUkVTX3N0YXJ0Ij4\/PC9zcGFuPjxzcGFuIHN0eWxlPSJkaXNwbGF5OiBpbmxpbmUtYmxvY2s7IHdpZHRoOiAwcHg7IG92ZXJmbG93OiBoaWRkZW47IGxpbmUtaGVpZ2h0OiAwOyIgZGF0YS1tY2UtdHlwZT0iYm9va21hcmsiIGNsYXNzPSJtY2VfU0VMUkVTX3N0YXJ0Ij4\/PC9zcGFuPjxzcGFuIHN0eWxlPSJkaXNwbGF5OiBpbmxpbmUtYmxvY2s7IHdpZHRoOiAwcHg7IG92ZXJmbG93OiBoaWRkZW47IGxpbmUtaGVpZ2h0OiAwOyIgZGF0YS1tY2UtdHlwZT0iYm9va21hcmsiIGNsYXNzPSJtY2VfU0VMUkVTX3N0YXJ0Ij4\/PC9zcGFuPjwvaWZyYW1lPg==\">\n<div class=\"brlbs-cmpnt-cb-preset-a\">\n<p class=\"brlbs-cmpnt-cb-description\">Sie sehen gerade einen Platzhalterinhalt von <strong>MoltonMarkt<\/strong>. Um auf den eigentlichen Inhalt zuzugreifen, klicken Sie auf den Button unten. Bitte beachten Sie, dass dabei Daten an Drittanbieter weitergegeben werden.<\/p>\n<div class=\"brlbs-cmpnt-cb-buttons\"> <a class=\"brlbs-cmpnt-cb-btn\" href=\"#\" data-borlabs-cookie-unblock role=\"button\">Inhalt entsperren<\/a> <a class=\"brlbs-cmpnt-cb-btn\" href=\"#\" data-borlabs-cookie-accept-service role=\"button\" style=\"display: none\">Erforderlichen Service akzeptieren und Inhalte entsperren<\/a> <\/div>\n<p> <a class=\"brlbs-cmpnt-cb-provider-toggle\" href=\"#\" data-borlabs-cookie-show-provider-information role=\"button\">Weitere Informationen<\/a> <\/div>\n<\/div>\n<\/div>\n<h2>L\u00f6sungsorientiert &amp; organisiert \u2013 meine St\u00e4rken f\u00fcr Sie<\/h2>\n<p>Als Gesch\u00e4ftsf\u00fchrer des <strong>MoltonMarkt Freren<\/strong> sorge ich daf\u00fcr, dass unser Unternehmen auf h\u00f6chstem Niveau und mit Freude und Engagement im Team arbeitet. Denn das bedeutet ein <strong>herausragendes Ergebnis f\u00fcr Sie!<\/strong> Dazu geh\u00f6rt:<\/p>\n<ul style=\"font-size: 1.4em;\">\n<li><strong>Organisation &amp; Planung<\/strong> um stets beste Premiumqualit\u00e4t und schnelle Lieferzeiten bieten zu k\u00f6nnen<\/li>\n<li><strong>Kontaktfreudigkeit &amp; pers\u00f6nlicher Service<\/strong>, weil ich wei\u00df, dass jedes Projekt individuelle Anforderungen mit sich bringt<\/li>\n<li><strong>Individuelle L\u00f6sungen:<\/strong> f\u00fcr au\u00dfergew\u00f6hnliche Anfragen &amp; kreative Sonderanfertigungen \u2013 was m\u00f6glich ist, machen wir m\u00f6glich.<\/li>\n<li><strong>MoltonMarkt Erfahrung, auf die Sie sich verlassen k\u00f6nnen<\/strong>: Mit jahrelangem KnowHow, einem starken Netzwerk und einer eigenen N\u00e4herei setzen wir auch komplexe Projekte zuverl\u00e4ssig um.<\/li>\n<li><strong>Flexibilit\u00e4t, die \u00fcberzeugt:<\/strong> Overnight-Lieferung? Direktfahrt zum Festival? Ungew\u00f6hnliche Anwendungen? Wir denken nicht in Problemen, sondern in L\u00f6sungen.<\/li>\n<\/ul>\n<p>&nbsp;<\/p>\n<p><a style=\"display: flex; align-items: center; gap: 10px; text-decoration: none;\" title=\"Mail an Guido Roling\" href=\"mailto:info@molton-markt.de\"><br \/>\n<img loading=\"lazy\" decoding=\"async\" class=\"alignnone wp-image-4914 size-full\" title=\"Mail an Guido Roling\" src=\"https:\/\/www.molton-markt.de\/blog\/wp-content\/uploads\/2025\/03\/e-mail-icon.png\" alt=\"\" width=\"50\" height=\"50\" \/><br \/>\nSchreiben Sie mir gerne eine E-Mail<br \/>\n<\/a><\/p>\n<p><a style=\"display: flex; align-items: center; gap: 10px; text-decoration: none;\" title=\"Den Molton-Markt anrufen\" href=\"tel:+495902998330\"><br \/>\n<img loading=\"lazy\" decoding=\"async\" class=\"alignnone wp-image-4915 size-full\" title=\"Den Molton-Markt anrufen\" src=\"https:\/\/www.molton-markt.de\/blog\/wp-content\/uploads\/2025\/03\/telefon-icon.png\" alt=\"\" width=\"50\" height=\"50\" \/><br \/>\nIch freue mich auf Ihren Anruf<br \/>\n<\/a><\/p>\n<h2>Mein Ausgleich: Heimat, Strategie &amp; treue Begleiter<\/h2>\n<p>Nicht nur der MoltonMarkt, sondern auch meine Heimat liegt mir am Herzen. Als Mitglied im Heimatverein Settrup engagiere ich mich aktiv f\u00fcr die Region, in der ich lebe und arbeite. Meine strategischen F\u00e4higkeiten fordere ich gerne beim Schachspielen heraus \u2013 ein Hobby, das mir auch im Business hilft, denn vorausschauendes Denken ist in beiden Bereichen entscheidend. Zudem bin ich seit \u00fcber 30 Jahren auf den Hund gekommen. Seit jeher begleiten mich Border Collies. Unser Piet ist nat\u00fcrlich fester Bestandteil unseres MoltonMarkt Teams.<\/p>\n<h2>Ihr Vorhaben in den besten H\u00e4nden<\/h2>\n<p><strong>\u201eGeht nicht, gibt\u00b4s nicht\u201c &#8211; Was machbar ist, setzen wir in die Tat um.<\/strong> Mit einem engagierten Team, das genauso viel Leidenschaft f\u00fcr exzellenten Service mitbringt wie ich, stehen wir f\u00fcr durchdachte L\u00f6sungen. Unser Anspruch ist es, keine halben Sachen zu machen. Gerne nehmen wir auch Ihre Herausforderung an!<\/p>\n<p>&nbsp;<\/p>\n<p><strong>Positives Feedback, Zitate von Kunden und Kollegen, Branchenkollegen:<\/strong><br \/>\n<em>\u201eSie haben mir grade das Wochenende gerettet!\u201c<\/em> Feedback einer Kundin, die vergessen hatte den Molton f\u00fcr ihren Messestand in Frankfurt zu bestellen. Durch unser Know-How konnten wir den Molton direkt zu Ihr auf den Messestand schicken in weniger als 24 Stunden, trotz Wochenende. Wir machen alles m\u00f6glich, was machbar ist.<\/p>\n<p><a href=\"https:\/\/www.facebook.com\/guidoroling\" target=\"_blank\" rel=\"noopener\"><img loading=\"lazy\" decoding=\"async\" class=\"alignnone wp-image-4908 size-full\" title=\"Guido Roling bei Facebook\" src=\"https:\/\/www.molton-markt.de\/blog\/wp-content\/uploads\/2025\/03\/facebook-icon-2.png\" alt=\"\" width=\"50\" height=\"50\" \/><\/a> <a href=\"https:\/\/www.instagram.com\/guidoroling\/\" target=\"_blank\" rel=\"noopener\"><img loading=\"lazy\" decoding=\"async\" class=\"alignnone wp-image-4904 size-full\" title=\"Guido Roling bei Instagram\" src=\"https:\/\/www.molton-markt.de\/blog\/wp-content\/uploads\/2025\/03\/insta.png\" alt=\"\" width=\"50\" height=\"50\" \/><\/a> <a href=\"https:\/\/www.linkedin.com\/in\/guido-roling-2484a0256\/ noopener\" target=\"_blank\" rel=\"noopener\"><img loading=\"lazy\" decoding=\"async\" class=\"alignnone wp-image-4905 size-full\" title=\"Guido Roling auf Linkedin\" src=\"https:\/\/www.molton-markt.de\/blog\/wp-content\/uploads\/2025\/03\/linkedin.png\" alt=\"\" width=\"50\" height=\"50\" \/><\/a><\/p>\n<p><script type=\"application\/ld+json\">\n{\n  \"@context\": \"https:\/\/schema.org\",\n  \"@type\": \"ProfilePage\",\n  \"url\": \"https:\/\/www.molton-markt.de\/blog\/autor-guido-roling\/\",\n  \"mainEntity\": {\n    \"@type\": \"Person\",\n    \"name\": \"Guido Roling\",\n    \"url\": \"https:\/\/www.molton-markt.de\/blog\/autor-guido-roling\/\",\n    \"jobTitle\": \"Gesch\u00e4ftsf\u00fchrer und Inhaber\",\n    \"worksFor\": {\n      \"@type\": \"Organization\",\n      \"name\": \"molton-web GmbH\",\n      \"url\": \"https:\/\/www.molton-markt.de\"\n    },\n    \"image\": \"https:\/\/www.molton-markt.de\/blog\/wp-content\/uploads\/2025\/03\/autor-experte-geschaeftsfuehrer-guido-roling.jpg\",\n    \"description\": \"Guido Roling vom MoltonMarkt Freren ?? Erfahrung, die \u00fcberzeugt - L\u00f6sungen, die begeistern ? Jetzt kennenlernen & von seiner Expertise profitieren\",\n    \"knowsAbout\": [\n      \"Molton\",\n      \"B\u00fchnenmolton\",\n      \"Theatervorh\u00e4nge\",\n      \"Tischmolton\",\n      \"Gro\u00dfevents\"\n    ]\n  }\n}\n<\/script><\/p>\n","protected":false},"excerpt":{"rendered":"<p>Hallo, ich bin Guido Roling, Gesch\u00e4ftsf\u00fchrer des MoltonMarkt in Freren und seit \u00fcber 15 Jahren in der Welt von Moltonstoffen zuhause. Eines hat sich in all den Jahren nicht ge\u00e4ndert: Mein Anspruch, f\u00fcr jedes Kundenanliegen die optimale L\u00f6sung zu finden. &hellip; <a href=\"https:\/\/www.molton-markt.de\/blog\/autor-guido-roling\/\"><\/a><\/p>\n","protected":false},"author":1001003,"featured_media":0,"parent":0,"menu_order":0,"comment_status":"closed","ping_status":"closed","template":"","meta":{"footnotes":""},"class_list":["post-4886","page","type-page","status-publish","hentry"],"_links":{"self":[{"href":"https:\/\/www.molton-markt.de\/blog\/wp-json\/wp\/v2\/pages\/4886","targetHints":{"allow":["GET"]}}],"collection":[{"href":"https:\/\/www.molton-markt.de\/blog\/wp-json\/wp\/v2\/pages"}],"about":[{"href":"https:\/\/www.molton-markt.de\/blog\/wp-json\/wp\/v2\/types\/page"}],"author":[{"embeddable":true,"href":"https:\/\/www.molton-markt.de\/blog\/wp-json\/wp\/v2\/users\/1001003"}],"replies":[{"embeddable":true,"href":"https:\/\/www.molton-markt.de\/blog\/wp-json\/wp\/v2\/comments?post=4886"}],"version-history":[{"count":35,"href":"https:\/\/www.molton-markt.de\/blog\/wp-json\/wp\/v2\/pages\/4886\/revisions"}],"predecessor-version":[{"id":5285,"href":"https:\/\/www.molton-markt.de\/blog\/wp-json\/wp\/v2\/pages\/4886\/revisions\/5285"}],"wp:attachment":[{"href":"https:\/\/www.molton-markt.de\/blog\/wp-json\/wp\/v2\/media?parent=4886"}],"curies":[{"name":"wp","href":"https:\/\/api.w.org\/{rel}","templated":true}]}}